{"id":198,"date":"2016-01-29T21:59:54","date_gmt":"2016-01-29T21:59:54","guid":{"rendered":"http:\/\/silvinasazunic.com\/?page_id=198"},"modified":"2025-08-26T16:15:19","modified_gmt":"2025-08-26T16:15:19","slug":"about","status":"publish","type":"page","link":"https:\/\/silvinasazunic.com\/index.php\/about\/","title":{"rendered":"about"},"content":{"rendered":"<p>Photographer, poet and writer; Silvina Sazunic (Bs. As, 1963) has spent many years of her life being almost a nomad. She worked as a freelance photographer in London and published her travels in Latin America in the \u201cEl Viajero\u201d, travel section of El Pa\u00eds in Spain. At the University of Plymouth, in the south of England, she gave photographic essay workshops. She returned to Argentina eight years ago.<\/p>\n<p>For Silvina Sazunic photography is above all revelation. From a childhood that took place between rivers and trees, her images and poems always return to that primordial place where the epiphany of the natural world happens over and over again. In her portraits, the photographer goes to meet the other as a story waiting to be told. She is interested in working and investigating that new space that arises when photography dialogues with text.<\/p>\n<p>Of the few treasures she keeps, one is a letter from John Berger where he tells her how much he liked the unpublished book Storm in the garden. Sometimes, she includes sound, as in the project Trueno de Agua, made in collaboration with the composer and musician Scott Taylor. She has also published three poetry books and one is looking for a publisher.<\/p>\n<p>The eye that travels is her nomadic editorial project, with which she travels to give workshops and publish the images produced.<\/p>\n<p>She was selected and exhibited at the last two Festival de la Luz in Argentina (La costanera-2016-Alianza Francesa de Santa Rosa, and Farewell-2018-Museo de Bellas Artes de La Plata, Emilio Pettorutti). She was also one of the winners of the 2016 Festival de la Luz International Portfolio Review. In 2021, she was selected for Proyecto Imaginario Latinoam\u00e9rica (PI LATAM 2021).<\/p>\n<p>She has two cats, Tutuna and Panta, many books and continues to organize trips.<\/p>\n<p>www.silvinasazunic.com<br \/>\ncontact@silvinasazunic.com<br \/>\nsazunicsilvina@gmail.com<\/p>\n<p>Instagram: silvina.sazunic<\/p>\n<p>&#8212;&#8212;&#8212;&#8212;&#8212;&#8212;&#8212;&#8212;&#8212;&#8212;&#8212;&#8212;&#8212;&#8212;&#8212;&#8212;&#8212;&#8212;&#8212;&#8212;&#8212;&#8212;&#8212;&#8212;&#8212;&#8212;&#8212;&#8212;&#8212;&#8212;&#8212;&#8212;&#8212;&#8212;&#8212;&#8212;&#8211;<\/p>\n<p>Fot\u00f3grafa, poeta y escritora; Silvina Sazunic (Bs. As, 1963) ha pasado muchos a\u00f1os de su vida siendo casi una n\u00f3made.\u00a0 Trabaj\u00f3 como fot\u00f3grafa freelance en Londres y public\u00f3 en la secci\u00f3n de \u201cEl viajero\u201d de El Pa\u00eds de Espa\u00f1a sus viajes por Latinoam\u00e9rica.\u00a0 En la Universidad de Plymouth, sur de Inglaterra, dio talleres de ensayo fotogr\u00e1fico.\u00a0 Volvi\u00f3 a Argentina hace ocho a\u00f1os.<\/p>\n<p>Para Silvina Sazunic la fotograf\u00eda es ante todo revelaci\u00f3n. De una infancia que sucedi\u00f3 entre r\u00edos y \u00e1rboles, sus im\u00e1genes y poemas siempre vuelven a ese lugar primigenio donde la epifan\u00eda del mundo natural sucede una y otra vez. En sus retratos, la fot\u00f3grafa va al encuentro del otro como historia que espera ser contada. Le interesa trabajar e investigar ese nuevo espacio que surge cuando la fotograf\u00eda dialoga con el texto.<\/p>\n<p>De los pocos tesoros que guarda, uno, es una carta de John Berger donde le dice cu\u00e1nto le gust\u00f3 el libro in\u00e9dito Storm in the garden. En ocasiones, incluye sonido, como en el proyecto Trueno de Agua, realizado en colaboraci\u00f3n con el compositor y m\u00fasico Scott Taylor. Tambi\u00e9n tiene publicados tres libros de poes\u00eda y uno en busca de editor.<\/p>\n<p>El ojo que viaja es su proyecto editorial-taller n\u00f3made, con el que se traslada para dar talleres y publicar las im\u00e1genes producidas.<\/p>\n<p>Fue seleccionada y expuso en los dos \u00faltimos Festivales de la Luz (La costanera-2016-Alianza Francesa de Santa Rosa y Farewell-2018-Museo de Bellas Artes de La Plata, Emilio Pettorutti). Tambi\u00e9n fue una de las ganadoras del Foro Internacional de Portfolios del Festival de la Luz 2016. En 2021 fue seleccionada para Proyecto Imaginario Latinoam\u00e9rica (PI LATAM 2021)<\/p>\n<p>Tiene dos gatas, Tutuna y Panta, muchos libros y sigue armando viajes.<\/p>\n<p>Instagram: silvina.sazunic<\/p>\n<p>www.silvinasazunic.com<br \/>\ncontact@silvinasazunic.com<br \/>\nsazunicsilvina@gmail.com<\/p>\n","protected":false},"excerpt":{"rendered":"<p>Photographer, poet and writer; Silvina Sazunic (Bs. As, 1963) has spent many years of her life being almost a nomad. She worked as a freelance photographer in London and published her travels in Latin America in the \u201cEl Viajero\u201d, travel section of El Pa\u00eds in Spain. At the University of Plymouth, in the south of [&hellip;]<\/p>\n","protected":false},"author":1,"featured_media":0,"parent":0,"menu_order":13,"comment_status":"closed","ping_status":"closed","template":"","meta":{"footnotes":""},"class_list":["post-198","page","type-page","status-publish","hentry"],"jetpack_sharing_enabled":true,"amp_enabled":true,"_links":{"self":[{"href":"https:\/\/silvinasazunic.com\/index.php\/wp-json\/wp\/v2\/pages\/198","targetHints":{"allow":["GET"]}}],"collection":[{"href":"https:\/\/silvinasazunic.com\/index.php\/wp-json\/wp\/v2\/pages"}],"about":[{"href":"https:\/\/silvinasazunic.com\/index.php\/wp-json\/wp\/v2\/types\/page"}],"author":[{"embeddable":true,"href":"https:\/\/silvinasazunic.com\/index.php\/wp-json\/wp\/v2\/users\/1"}],"replies":[{"embeddable":true,"href":"https:\/\/silvinasazunic.com\/index.php\/wp-json\/wp\/v2\/comments?post=198"}],"version-history":[{"count":5,"href":"https:\/\/silvinasazunic.com\/index.php\/wp-json\/wp\/v2\/pages\/198\/revisions"}],"predecessor-version":[{"id":620,"href":"https:\/\/silvinasazunic.com\/index.php\/wp-json\/wp\/v2\/pages\/198\/revisions\/620"}],"wp:attachment":[{"href":"https:\/\/silvinasazunic.com\/index.php\/wp-json\/wp\/v2\/media?parent=198"}],"curies":[{"name":"wp","href":"https:\/\/api.w.org\/{rel}","templated":true}]}}